{"id":36785,"date":"2025-05-08T13:43:37","date_gmt":"2025-05-08T11:43:37","guid":{"rendered":"https:\/\/i4life.es\/?page_id=36785"},"modified":"2025-05-08T13:45:09","modified_gmt":"2025-05-08T11:45:09","slug":"politica-gaia-x","status":"publish","type":"page","link":"https:\/\/i4life.es\/en\/politica-gaia-x\/","title":{"rendered":"Pol\u00edtica gaia-X"},"content":{"rendered":"<div data-elementor-type=\"wp-page\" data-elementor-id=\"36785\" class=\"elementor elementor-36785\">\n\t\t\t\t<div class=\"elementor-element elementor-element-02f2136 e-flex e-con-boxed e-con e-parent\" data-id=\"02f2136\" data-element_type=\"container\" data-e-type=\"container\">\n\t\t\t\t\t<div class=\"e-con-inner\">\n\t\t\t\t<div class=\"elementor-element elementor-element-30ed5ba elementor-widget elementor-widget-heading\" data-id=\"30ed5ba\" data-element_type=\"widget\" data-e-type=\"widget\" data-widget_type=\"heading.default\">\n\t\t\t\t<div class=\"elementor-widget-container\">\n\t\t\t\t\t<h1 class=\"elementor-heading-title elementor-size-default\">GAIA-X (ETHICS)<\/h1>\t\t\t\t<\/div>\n\t\t\t\t<\/div>\n\t\t\t\t<div class=\"elementor-element elementor-element-767eacc elementor-widget elementor-widget-text-editor\" data-id=\"767eacc\" data-element_type=\"widget\" data-e-type=\"widget\" data-widget_type=\"text-editor.default\">\n\t\t\t\t<div class=\"elementor-widget-container\">\n\t\t\t\t\t\t\t\t\t<p>Para i4life la \u00e9tica digital y la soberan\u00eda\u00a0de los datos forman parte de nuestro compromiso. Somos miembros del hub GAIA-X Espa\u00f1a y socios del comit\u00e9 de normalizaci\u00f3n CTN-UNE 71\/SC 43 \u00abEspacio de datos\u00bb, trabajando activamente en el desarrollo y adopci\u00f3n de est\u00e1ndares que garanticen un entorno interoperable, transparente y \u00e9tico para el intercambio de datos.\u00a0 Nuestro enfoque \u00e9tico se alinea con los principios fundamentales de GAIA-X: soberan\u00eda del dato, portabilidad, transparencia,interoperabilidad, control de los datos por parte de sus due\u00f1os y promoci\u00f3n de una econom\u00eda\u00a0digital europea centrada en las personas. Asi pues, fomentamos el uso responsable de los datos garantizando siempre el respeto a los derechos fundamentales, la privacidad y la no discriminaci\u00f3n.<\/p><p>Todos nuestros desarrollos parten de una base de gobernanza \u00e9tica y auditabilidad. promoviendo soluciones que eviten sesgos, fomenten la inclusi\u00f3n y aseguren que las decisiones automatizadas no generen impactos negativos para personas o colectivos vulnerables.<\/p>\t\t\t\t\t\t\t\t<\/div>\n\t\t\t\t<\/div>\n\t\t\t\t\t<\/div>\n\t\t\t\t<\/div>\n\t\t\t\t<\/div>","protected":false},"excerpt":{"rendered":"<p>GAIA-X (\u00c9TICA) Para i4life la \u00e9tica digital y la soberan\u00eda\u00a0de los datos forman parte de nuestro compromiso. Somos miembros del [&hellip;]<\/p>\n","protected":false},"author":1,"featured_media":0,"parent":0,"menu_order":0,"comment_status":"closed","ping_status":"closed","template":"","meta":{"site-sidebar-layout":"no-sidebar","site-content-layout":"","ast-site-content-layout":"full-width-container","site-content-style":"default","site-sidebar-style":"default","ast-global-header-display":"","ast-banner-title-visibility":"","ast-main-header-display":"","ast-hfb-above-header-display":"","ast-hfb-below-header-display":"","ast-hfb-mobile-header-display":"","site-post-title":"disabled","ast-breadcrumbs-content":"","ast-featured-img":"disabled","footer-sml-layout":"","ast-disable-related-posts":"","theme-transparent-header-meta":"","adv-header-id-meta":"","stick-header-meta":"","header-above-stick-meta":"","header-main-stick-meta":"","header-below-stick-meta":"","astra-migrate-meta-layouts":"default","ast-page-background-enabled":"default","ast-page-background-meta":{"desktop":{"background-color":"var(--ast-global-color-4)","background-image":"","background-repeat":"repeat","background-position":"center center","background-size":"auto","background-attachment":"scroll","background-type":"","background-media":"","overlay-type":"","overlay-color":"","overlay-opacity":"","overlay-gradient":""},"tablet":{"background-color":"","background-image":"","background-repeat":"repeat","background-position":"center center","background-size":"auto","background-attachment":"scroll","background-type":"","background-media":"","overlay-type":"","overlay-color":"","overlay-opacity":"","overlay-gradient":""},"mobile":{"background-color":"","background-image":"","background-repeat":"repeat","background-position":"center center","background-size":"auto","background-attachment":"scroll","background-type":"","background-media":"","overlay-type":"","overlay-color":"","overlay-opacity":"","overlay-gradient":""}},"ast-content-background-meta":{"desktop":{"background-color":"var(--ast-global-color-5)","background-image":"","background-repeat":"repeat","background-position":"center center","background-size":"auto","background-attachment":"scroll","background-type":"","background-media":"","overlay-type":"","overlay-color":"","overlay-opacity":"","overlay-gradient":""},"tablet":{"background-color":"var(--ast-global-color-5)","background-image":"","background-repeat":"repeat","background-position":"center center","background-size":"auto","background-attachment":"scroll","background-type":"","background-media":"","overlay-type":"","overlay-color":"","overlay-opacity":"","overlay-gradient":""},"mobile":{"background-color":"var(--ast-global-color-5)","background-image":"","background-repeat":"repeat","background-position":"center center","background-size":"auto","background-attachment":"scroll","background-type":"","background-media":"","overlay-type":"","overlay-color":"","overlay-opacity":"","overlay-gradient":""}},"_joinchat":[],"footnotes":""},"class_list":["post-36785","page","type-page","status-publish","hentry"],"rttpg_featured_image_url":null,"rttpg_author":{"display_name":"info","author_link":"https:\/\/i4life.es\/en\/author\/info\/"},"rttpg_comment":0,"rttpg_category":null,"rttpg_excerpt":"GAIA-X (\u00c9TICA) Para i4life la \u00e9tica digital y la soberan\u00eda\u00a0de los datos forman parte de nuestro compromiso. Somos miembros del [&hellip;]","_links":{"self":[{"href":"https:\/\/i4life.es\/en\/wp-json\/wp\/v2\/pages\/36785","targetHints":{"allow":["GET"]}}],"collection":[{"href":"https:\/\/i4life.es\/en\/wp-json\/wp\/v2\/pages"}],"about":[{"href":"https:\/\/i4life.es\/en\/wp-json\/wp\/v2\/types\/page"}],"author":[{"embeddable":true,"href":"https:\/\/i4life.es\/en\/wp-json\/wp\/v2\/users\/1"}],"replies":[{"embeddable":true,"href":"https:\/\/i4life.es\/en\/wp-json\/wp\/v2\/comments?post=36785"}],"version-history":[{"count":4,"href":"https:\/\/i4life.es\/en\/wp-json\/wp\/v2\/pages\/36785\/revisions"}],"predecessor-version":[{"id":36797,"href":"https:\/\/i4life.es\/en\/wp-json\/wp\/v2\/pages\/36785\/revisions\/36797"}],"wp:attachment":[{"href":"https:\/\/i4life.es\/en\/wp-json\/wp\/v2\/media?parent=36785"}],"curies":[{"name":"wp","href":"https:\/\/api.w.org\/{rel}","templated":true}]}}