{"id":36784,"date":"2025-05-08T13:41:36","date_gmt":"2025-05-08T11:41:36","guid":{"rendered":"https:\/\/i4life.es\/?page_id=36784"},"modified":"2025-05-08T13:42:31","modified_gmt":"2025-05-08T11:42:31","slug":"politica-de-ciberseguridad","status":"publish","type":"page","link":"https:\/\/i4life.es\/en\/politica-de-ciberseguridad\/","title":{"rendered":"Pol\u00edtica de ciberseguridad"},"content":{"rendered":"<div data-elementor-type=\"wp-page\" data-elementor-id=\"36784\" class=\"elementor elementor-36784\">\n\t\t\t\t<div class=\"elementor-element elementor-element-02f2136 e-flex e-con-boxed e-con e-parent\" data-id=\"02f2136\" data-element_type=\"container\" data-e-type=\"container\">\n\t\t\t\t\t<div class=\"e-con-inner\">\n\t\t\t\t<div class=\"elementor-element elementor-element-30ed5ba elementor-widget elementor-widget-heading\" data-id=\"30ed5ba\" data-element_type=\"widget\" data-e-type=\"widget\" data-widget_type=\"heading.default\">\n\t\t\t\t<div class=\"elementor-widget-container\">\n\t\t\t\t\t<h1 class=\"elementor-heading-title elementor-size-default\">POL\u00cdTICA DE CIBERSEGURIDAD<\/h1>\t\t\t\t<\/div>\n\t\t\t\t<\/div>\n\t\t\t\t<div class=\"elementor-element elementor-element-767eacc elementor-widget elementor-widget-text-editor\" data-id=\"767eacc\" data-element_type=\"widget\" data-e-type=\"widget\" data-widget_type=\"text-editor.default\">\n\t\t\t\t<div class=\"elementor-widget-container\">\n\t\t\t\t\t\t\t\t\t<p>En la participaci\u00f3n de i4life en los ecosistemas de datos europeos y proyectos de IA, asumimos la ciberseguridad como pilar fundamental y es por ello que implementamos medidas t\u00e9cnicas y organizativas avanzadas para proteger la confidencialidad, integridad, disponibilidad y trazabilidad de los datos que gestionamos.<\/p><p>Contamos con <strong>Certificado en el Esquema Nacional de Seguridad (ENS)<\/strong> de nivel medio obtenido en enero de 2025, lo que avala nuestro compromiso con el cumplimiento de los est\u00e1ndares exigidos por la administraci\u00f3n p\u00fablica\u00a0espa\u00f1ola en materia de seguridad de la informaci\u00f3n. Aplicamos los principios de seguridad desde el dise\u00f1o y seguridad por defecto en el desarrollo de todas nuestras soluciones.\u00a0<\/p><p>Nuestro enfoque contempla la protecci\u00f3n frente a m\u00faltiples tipos de amenazas: accesos no autorizados, fugas de informaci\u00f3n, ataques de denegaci\u00f3n de servicio,etc.\u00a0<\/p><p>Adem\u00e1s desde i4life promovemos la formaci\u00f3n continua del equipo humano en buenas pr\u00e1cticas de ciberseguridad y establecemos mecanismos de auditor\u00eda, detecci\u00f3n de incidentes y respuesta r\u00e1pida para garantizar la resiliencia de nuestra infraestructura\u00a0digital.<\/p>\t\t\t\t\t\t\t\t<\/div>\n\t\t\t\t<\/div>\n\t\t\t\t\t<\/div>\n\t\t\t\t<\/div>\n\t\t\t\t<\/div>","protected":false},"excerpt":{"rendered":"<p>POL\u00cdTICA DE CIBERSEGURIDAD En la participaci\u00f3n de i4life en los ecosistemas de datos europeos y proyectos de IA, asumimos la [&hellip;]<\/p>\n","protected":false},"author":1,"featured_media":0,"parent":0,"menu_order":0,"comment_status":"closed","ping_status":"closed","template":"","meta":{"site-sidebar-layout":"no-sidebar","site-content-layout":"","ast-site-content-layout":"full-width-container","site-content-style":"default","site-sidebar-style":"default","ast-global-header-display":"","ast-banner-title-visibility":"","ast-main-header-display":"","ast-hfb-above-header-display":"","ast-hfb-below-header-display":"","ast-hfb-mobile-header-display":"","site-post-title":"disabled","ast-breadcrumbs-content":"","ast-featured-img":"disabled","footer-sml-layout":"","ast-disable-related-posts":"","theme-transparent-header-meta":"","adv-header-id-meta":"","stick-header-meta":"","header-above-stick-meta":"","header-main-stick-meta":"","header-below-stick-meta":"","astra-migrate-meta-layouts":"default","ast-page-background-enabled":"default","ast-page-background-meta":{"desktop":{"background-color":"var(--ast-global-color-4)","background-image":"","background-repeat":"repeat","background-position":"center center","background-size":"auto","background-attachment":"scroll","background-type":"","background-media":"","overlay-type":"","overlay-color":"","overlay-opacity":"","overlay-gradient":""},"tablet":{"background-color":"","background-image":"","background-repeat":"repeat","background-position":"center center","background-size":"auto","background-attachment":"scroll","background-type":"","background-media":"","overlay-type":"","overlay-color":"","overlay-opacity":"","overlay-gradient":""},"mobile":{"background-color":"","background-image":"","background-repeat":"repeat","background-position":"center center","background-size":"auto","background-attachment":"scroll","background-type":"","background-media":"","overlay-type":"","overlay-color":"","overlay-opacity":"","overlay-gradient":""}},"ast-content-background-meta":{"desktop":{"background-color":"var(--ast-global-color-5)","background-image":"","background-repeat":"repeat","background-position":"center center","background-size":"auto","background-attachment":"scroll","background-type":"","background-media":"","overlay-type":"","overlay-color":"","overlay-opacity":"","overlay-gradient":""},"tablet":{"background-color":"var(--ast-global-color-5)","background-image":"","background-repeat":"repeat","background-position":"center center","background-size":"auto","background-attachment":"scroll","background-type":"","background-media":"","overlay-type":"","overlay-color":"","overlay-opacity":"","overlay-gradient":""},"mobile":{"background-color":"var(--ast-global-color-5)","background-image":"","background-repeat":"repeat","background-position":"center center","background-size":"auto","background-attachment":"scroll","background-type":"","background-media":"","overlay-type":"","overlay-color":"","overlay-opacity":"","overlay-gradient":""}},"_joinchat":[],"footnotes":""},"class_list":["post-36784","page","type-page","status-publish","hentry"],"rttpg_featured_image_url":null,"rttpg_author":{"display_name":"info","author_link":"https:\/\/i4life.es\/en\/author\/info\/"},"rttpg_comment":0,"rttpg_category":null,"rttpg_excerpt":"POL\u00cdTICA DE CIBERSEGURIDAD En la participaci\u00f3n de i4life en los ecosistemas de datos europeos y proyectos de IA, asumimos la [&hellip;]","_links":{"self":[{"href":"https:\/\/i4life.es\/en\/wp-json\/wp\/v2\/pages\/36784","targetHints":{"allow":["GET"]}}],"collection":[{"href":"https:\/\/i4life.es\/en\/wp-json\/wp\/v2\/pages"}],"about":[{"href":"https:\/\/i4life.es\/en\/wp-json\/wp\/v2\/types\/page"}],"author":[{"embeddable":true,"href":"https:\/\/i4life.es\/en\/wp-json\/wp\/v2\/users\/1"}],"replies":[{"embeddable":true,"href":"https:\/\/i4life.es\/en\/wp-json\/wp\/v2\/comments?post=36784"}],"version-history":[{"count":4,"href":"https:\/\/i4life.es\/en\/wp-json\/wp\/v2\/pages\/36784\/revisions"}],"predecessor-version":[{"id":36789,"href":"https:\/\/i4life.es\/en\/wp-json\/wp\/v2\/pages\/36784\/revisions\/36789"}],"wp:attachment":[{"href":"https:\/\/i4life.es\/en\/wp-json\/wp\/v2\/media?parent=36784"}],"curies":[{"name":"wp","href":"https:\/\/api.w.org\/{rel}","templated":true}]}}