{"id":36652,"date":"2025-05-05T14:48:14","date_gmt":"2025-05-05T12:48:14","guid":{"rendered":"https:\/\/i4life.es\/?page_id=36652"},"modified":"2025-05-05T14:50:49","modified_gmt":"2025-05-05T12:50:49","slug":"politica-de-proteccion-de-datos","status":"publish","type":"page","link":"https:\/\/i4life.es\/en\/politica-de-proteccion-de-datos\/","title":{"rendered":"Data protection policy"},"content":{"rendered":"\t\t<div data-elementor-type=\"wp-page\" data-elementor-id=\"36652\" class=\"elementor elementor-36652\">\n\t\t\t\t<div class=\"elementor-element elementor-element-02f2136 e-flex e-con-boxed e-con e-parent\" data-id=\"02f2136\" data-element_type=\"container\" data-e-type=\"container\">\n\t\t\t\t\t<div class=\"e-con-inner\">\n\t\t\t\t<div class=\"elementor-element elementor-element-30ed5ba elementor-widget elementor-widget-heading\" data-id=\"30ed5ba\" data-element_type=\"widget\" data-e-type=\"widget\" data-widget_type=\"heading.default\">\n\t\t\t\t<div class=\"elementor-widget-container\">\n\t\t\t\t\t<h1 class=\"elementor-heading-title elementor-size-default\">POL\u00cdTICA DE PROTECCI\u00d3N DE DATOS<\/h1>\t\t\t\t<\/div>\n\t\t\t\t<\/div>\n\t\t\t\t<div class=\"elementor-element elementor-element-767eacc elementor-widget elementor-widget-text-editor\" data-id=\"767eacc\" data-element_type=\"widget\" data-e-type=\"widget\" data-widget_type=\"text-editor.default\">\n\t\t\t\t<div class=\"elementor-widget-container\">\n\t\t\t\t\t\t\t\t\t<h2>1. FINALIDAD<\/h2><p>\u00a0La Pol\u00edtica de cumplimiento de la protecci\u00f3n de datos trata de plasmar los objetivos estrat\u00e9gicos de la organizaci\u00f3n en materia de protecci\u00f3n de datos para la mejora continua del Sistema de Gesti\u00f3n de Protecci\u00f3n de Datos ( \u201cSistema\u201d)\u00a0 implantado con el objetivo de garantizar el adecuado tratamiento de datos personales de las personas f\u00edsicas.<\/p><p>Objetivos:<\/p><ul><li>Cumplir la normativa relativa a la protecci\u00f3n de datos, sobre todo la Ley Org\u00e1nica 3\/2018, de 5 de diciembre, de Protecci\u00f3n de Datos Personales y garant\u00eda de los derechos digitales, en adelante LOPDGDD, y con el Reglamento (UE) 2016\/679 del Parlamento Europeo y del Consejo de 27 de abril de 2016 relativo a la protecci\u00f3n de las personas f\u00edsicas en lo que respecta al tratamiento de datos personales y a la libre circulaci\u00f3n de estos datos (RGPD).<\/li><li>Evitar brechas de seguridad dentro de la organizaci\u00f3n, implantando controles para la gesti\u00f3n de amenazas.<\/li><li>Proteger la informaci\u00f3n personal de los interesados.<\/li><li>Asegurar la continuidad del negocio, estableciendo la forma de recuperar los archivos y documentaci\u00f3n de la organizaci\u00f3n en caso de destrucci\u00f3n por desastre o incidente.<\/li><li>Formar a los empleados en materia de protecci\u00f3n de datos, de tal modo que sepan c\u00f3mo deben tratar los datos de los interesados. Tener actualizado el Sistema de Gesti\u00f3n de la Protecci\u00f3n de Datos y establecer un compromiso de mejora continua. Este objetivo se efect\u00faa mediante el An\u00e1lisis de Riesgos, Evaluaci\u00f3n de Impacto en la Protecci\u00f3n de Datos y las auditor\u00edas que se vayan realizando.<\/li><\/ul><p>\u00a0<\/p><h2>2. MEDIDAS ORGANIZATIVAS<\/h2><p>\u00a0Para el eficaz cumplimiento del Sistema de Gesti\u00f3n de la Protecci\u00f3n de Datos , la organizaci\u00f3n ha nombrado a un Delegado de Protecci\u00f3n de Datos y a un Recurso Propio de Protecci\u00f3n de Datos, quienes se encargar\u00e1n de impulsar y supervisar de manera continua la implementaci\u00f3n y eficacia del Sistema. Sus funciones se desarrollan en el Procedimiento de\u00a0 Roles. [PR.01].<\/p><p>\u00a0<\/p><h2>3. ENTIDADES, ACTIVIDADES Y PERSONAS AFECTADAS<\/h2><p>El desempe\u00f1o de la Pol\u00edtica de cumplimiento de la protecci\u00f3n de datos se extiende a todo el \u00e1mbito geogr\u00e1fico en el que act\u00faa la organizaci\u00f3n y en las relaciones contractuales que tenga \u00e9sta, siendo los mismos:<\/p><ul><li>Empleados<\/li><li>Clientes<\/li><li>Proveedores\/ Colaboradores\/ Encargados del tratamiento<\/li><li>Contactos<\/li><\/ul><p>A todos ellos se les traslada la necesidad del cumplimiento de la pol\u00edtica con el \u00e1nimo de acatar la normativa en materia de protecci\u00f3n de datos personales.<\/p><p>La organizaci\u00f3n lleva un Registro de las actividades de tratamiento efectuadas bajo su responsabilidad. Dicho registro contiene:<\/p><ol><li>a) el nombre y los datos de contacto del responsable y del delegado de protecci\u00f3n de datos;<\/li><li>b) los fines del tratamiento;<\/li><li>c) una descripci\u00f3n de las categor\u00edas de interesados y de las categor\u00edas de datos personales;<\/li><li>d) las categor\u00edas de destinatarios a quienes se comunicaron o comunicar\u00e1n los datos personales, incluidos los destinatarios en terceros pa\u00edses u organizaciones internacionales;<\/li><li>e) cuando sea posible, los plazos previstos para la supresi\u00f3n de las diferentes categor\u00edas de datos;<\/li><li>f) cuando sea posible, una descripci\u00f3n general de las medidas t\u00e9cnicas y organizativas de seguridad.<\/li><\/ol><p>\u00a0<\/p><h2>4. PAR\u00c1METROS DE CONDUCTA<\/h2><p>\u00a0De acuerdo con la implantaci\u00f3n del Sistema se espera que todos los grupos de inter\u00e9s con los que opera la organizaci\u00f3n est\u00e9n alineados con el cumplimiento de la normativa vigente en materia de protecci\u00f3n de datos, no acept\u00e1ndose incumplimientos al respecto, especialmente en caso de los trabajadores, que deber\u00e1n cumplir con las obligaciones establecidas en la Cl\u00e1usula informativa y de confidencialidad de los trabajadores, que se les entrega para su conocimiento.<\/p><p>\u00a0Asimismo, los encargados de tratamiento son informados de la Pol\u00edtica de cumplimiento de la protecci\u00f3n de datos y de la necesidad de su respeto en su actuaci\u00f3n mediante la firma del Contrato de encargado de tratamiento.<\/p><p>En el momento de la obtenci\u00f3n de los datos personales, la organizaci\u00f3n informa a los interesados qu\u00e9 datos se recopilan, con qu\u00e9 finalidad, siendo esta leg\u00edtima y pertinente, comprometi\u00e9ndose a la conservaci\u00f3n de los mismos al plazo estrictamente necesario. El interesado tiene derecho a ejercitar los derechos de acceso, rectificaci\u00f3n, supresi\u00f3n, limitaci\u00f3n del tratamiento, portabilidad y oposici\u00f3n frente al responsable de tratamiento o mediante correo electr\u00f3nico <a href=\"mailto:dpo@excel.es\">dpo@excel.es<\/a> ante el Delegado de Protecci\u00f3n de Datos El tratamiento se efectuar\u00e1 de forma proporcional a la necesidad, por lo que en el momento que alguno de los datos proporcionados por el interesado u obtenido por otro medio, no sea necesario, se efectuar\u00e1 la destrucci\u00f3n de estos datos en caso de no ser necesarios en el futuro.<\/p><p>\u00a0<\/p><h2>5. CONCLUSIONES<\/h2><p>La Pol\u00edtica de cumplimiento de la protecci\u00f3n de datos es un pilar esencial del Sistema de Gesti\u00f3n de Protecci\u00f3n de Datos y Seguridad de la Informaci\u00f3n, por lo que es importante su puesta a disposici\u00f3n a todas las personas interesadas. En este sentido, la organizaci\u00f3n ha establecido un Plan de comunicaci\u00f3n de la Pol\u00edtica de cumplimiento de la protecci\u00f3n de datos. Esta Pol\u00edtica de cumplimiento de la protecci\u00f3n de datos es congruente con los fines y objetivos de la organizaci\u00f3n mencionados en el apartado<\/p><ol><li>Finalidad de la Pol\u00edtica de cumplimiento de la protecci\u00f3n de datos. La organizaci\u00f3n se compromete a:<\/li><\/ol><ul><li>La seudonimizaci\u00f3n y al cifrado de datos personales.<\/li><li>Garantizar la confidencialidad, integridad, disponibilidad y resiliencia permanentes de los sistemas y servicios de tratamiento.<\/li><li>Restaurar la disponibilidad y el acceso a los datos personales de forma r\u00e1pida en caso de incidente f\u00edsico o t\u00e9cnico.<\/li><li>Establecer un proceso de verificaci\u00f3n, evaluaci\u00f3n y valoraci\u00f3n regulares de la eficacia de las medidas t\u00e9cnicas y organizativas para garantizar la seguridad del tratamiento.<\/li><\/ul>\t\t\t\t\t\t\t\t<\/div>\n\t\t\t\t<\/div>\n\t\t\t\t\t<\/div>\n\t\t\t\t<\/div>\n\t\t\t\t<\/div>\n\t\t","protected":false},"excerpt":{"rendered":"<p>POL\u00cdTICA DE PROTECCI\u00d3N DE DATOS 1. FINALIDAD \u00a0La Pol\u00edtica de cumplimiento de la protecci\u00f3n de datos trata de plasmar los [&hellip;]<\/p>\n","protected":false},"author":1,"featured_media":0,"parent":0,"menu_order":0,"comment_status":"closed","ping_status":"closed","template":"","meta":{"site-sidebar-layout":"no-sidebar","site-content-layout":"","ast-site-content-layout":"full-width-container","site-content-style":"default","site-sidebar-style":"default","ast-global-header-display":"","ast-banner-title-visibility":"","ast-main-header-display":"","ast-hfb-above-header-display":"","ast-hfb-below-header-display":"","ast-hfb-mobile-header-display":"","site-post-title":"disabled","ast-breadcrumbs-content":"","ast-featured-img":"disabled","footer-sml-layout":"","ast-disable-related-posts":"","theme-transparent-header-meta":"","adv-header-id-meta":"","stick-header-meta":"","header-above-stick-meta":"","header-main-stick-meta":"","header-below-stick-meta":"","astra-migrate-meta-layouts":"default","ast-page-background-enabled":"default","ast-page-background-meta":{"desktop":{"background-color":"var(--ast-global-color-4)","background-image":"","background-repeat":"repeat","background-position":"center center","background-size":"auto","background-attachment":"scroll","background-type":"","background-media":"","overlay-type":"","overlay-color":"","overlay-opacity":"","overlay-gradient":""},"tablet":{"background-color":"","background-image":"","background-repeat":"repeat","background-position":"center center","background-size":"auto","background-attachment":"scroll","background-type":"","background-media":"","overlay-type":"","overlay-color":"","overlay-opacity":"","overlay-gradient":""},"mobile":{"background-color":"","background-image":"","background-repeat":"repeat","background-position":"center center","background-size":"auto","background-attachment":"scroll","background-type":"","background-media":"","overlay-type":"","overlay-color":"","overlay-opacity":"","overlay-gradient":""}},"ast-content-background-meta":{"desktop":{"background-color":"var(--ast-global-color-5)","background-image":"","background-repeat":"repeat","background-position":"center center","background-size":"auto","background-attachment":"scroll","background-type":"","background-media":"","overlay-type":"","overlay-color":"","overlay-opacity":"","overlay-gradient":""},"tablet":{"background-color":"var(--ast-global-color-5)","background-image":"","background-repeat":"repeat","background-position":"center center","background-size":"auto","background-attachment":"scroll","background-type":"","background-media":"","overlay-type":"","overlay-color":"","overlay-opacity":"","overlay-gradient":""},"mobile":{"background-color":"var(--ast-global-color-5)","background-image":"","background-repeat":"repeat","background-position":"center center","background-size":"auto","background-attachment":"scroll","background-type":"","background-media":"","overlay-type":"","overlay-color":"","overlay-opacity":"","overlay-gradient":""}},"_joinchat":[],"footnotes":""},"class_list":["post-36652","page","type-page","status-publish","hentry"],"rttpg_featured_image_url":null,"rttpg_author":{"display_name":"info","author_link":"https:\/\/i4life.es\/en\/author\/info\/"},"rttpg_comment":0,"rttpg_category":null,"rttpg_excerpt":"POL\u00cdTICA DE PROTECCI\u00d3N DE DATOS 1. FINALIDAD \u00a0La Pol\u00edtica de cumplimiento de la protecci\u00f3n de datos trata de plasmar los [&hellip;]","_links":{"self":[{"href":"https:\/\/i4life.es\/en\/wp-json\/wp\/v2\/pages\/36652","targetHints":{"allow":["GET"]}}],"collection":[{"href":"https:\/\/i4life.es\/en\/wp-json\/wp\/v2\/pages"}],"about":[{"href":"https:\/\/i4life.es\/en\/wp-json\/wp\/v2\/types\/page"}],"author":[{"embeddable":true,"href":"https:\/\/i4life.es\/en\/wp-json\/wp\/v2\/users\/1"}],"replies":[{"embeddable":true,"href":"https:\/\/i4life.es\/en\/wp-json\/wp\/v2\/comments?post=36652"}],"version-history":[{"count":4,"href":"https:\/\/i4life.es\/en\/wp-json\/wp\/v2\/pages\/36652\/revisions"}],"predecessor-version":[{"id":36656,"href":"https:\/\/i4life.es\/en\/wp-json\/wp\/v2\/pages\/36652\/revisions\/36656"}],"wp:attachment":[{"href":"https:\/\/i4life.es\/en\/wp-json\/wp\/v2\/media?parent=36652"}],"curies":[{"name":"wp","href":"https:\/\/api.w.org\/{rel}","templated":true}]}}