{"id":29548,"date":"2024-03-22T09:52:09","date_gmt":"2024-03-22T08:52:09","guid":{"rendered":"https:\/\/i4life.es\/?page_id=29548"},"modified":"2025-07-30T10:02:27","modified_gmt":"2025-07-30T08:02:27","slug":"silverdigi-politica_privacidad","status":"publish","type":"page","link":"https:\/\/i4life.es\/en\/silverdigi-politica_privacidad\/","title":{"rendered":"Silverdigi-politica_privacidad"},"content":{"rendered":"<div data-elementor-type=\"wp-page\" data-elementor-id=\"29548\" class=\"elementor elementor-29548\">\n\t\t\t\t\t\t<section class=\"elementor-section elementor-top-section elementor-element elementor-element-74eb59e elementor-section-boxed elementor-section-height-default elementor-section-height-default\" data-id=\"74eb59e\" data-element_type=\"section\" data-e-type=\"section\" data-settings=\"{&quot;background_background&quot;:&quot;classic&quot;}\">\n\t\t\t\t\t\t<div class=\"elementor-container elementor-column-gap-default\">\n\t\t\t\t\t<div class=\"elementor-column elementor-col-100 elementor-top-column elementor-element elementor-element-8c8b195\" data-id=\"8c8b195\" data-element_type=\"column\" data-e-type=\"column\">\n\t\t\t<div class=\"elementor-widget-wrap elementor-element-populated\">\n\t\t\t\t\t\t<div class=\"elementor-element elementor-element-8bcdfce elementor-widget elementor-widget-heading\" data-id=\"8bcdfce\" data-element_type=\"widget\" data-e-type=\"widget\" data-widget_type=\"heading.default\">\n\t\t\t\t<div class=\"elementor-widget-container\">\n\t\t\t\t\t<h1 class=\"elementor-heading-title elementor-size-default\">Pol\u00edtica de privacidad - SILVERDIGI<\/h1>\t\t\t\t<\/div>\n\t\t\t\t<\/div>\n\t\t\t\t\t<\/div>\n\t\t<\/div>\n\t\t\t\t\t<\/div>\n\t\t<\/section>\n\t\t<div class=\"elementor-element elementor-element-70156c0 e-flex e-con-boxed e-con e-parent\" data-id=\"70156c0\" data-element_type=\"container\" data-e-type=\"container\">\n\t\t\t\t\t<div class=\"e-con-inner\">\n\t\t\t\t<div class=\"elementor-element elementor-element-cc68049 elementor-widget elementor-widget-text-editor\" data-id=\"cc68049\" data-element_type=\"widget\" data-e-type=\"widget\" data-widget_type=\"text-editor.default\">\n\t\t\t\t<div class=\"elementor-widget-container\">\n\t\t\t\t\t\t\t\t\t<p><span style=\"font-weight: 400;\">Esta Pol\u00edtica de Privacidad ha sido redactada conforme al Reglamento (UE) 2016\/679, del Parlamento Europeo y del Consejo, de 27 de abril de 2016 (Reglamento General de Protecci\u00f3n de Datos o RGPD), y a la Ley Org\u00e1nica 3\/2018, de 5 de diciembre, de Protecci\u00f3n de Datos Personales y garant\u00eda de los derechos digitales (LOPDGDD), siguiendo la estructura recomendada por la Agencia Espa\u00f1ola de Protecci\u00f3n de Datos en su \u00abDec\u00e1logo de Pol\u00edticas de Privacidad\u00bb.<\/span><\/p><h3><span style=\"font-weight: 400;\">1. \u00bfQui\u00e9n es el responsable del tratamiento de sus datos?<\/span><\/h3><p><span style=\"font-weight: 400;\">Titular: i4life Innovaci\u00f3n y Desarrollos, S.L.<\/span><span style=\"font-weight: 400;\"><br \/><\/span><span style=\"font-weight: 400;\">NIF: B-52562428<\/span><span style=\"font-weight: 400;\"><br \/><\/span><span style=\"font-weight: 400;\">Domicilio: Parque Cient\u00edfico Tecnol\u00f3gico, Edificio Vor\u00e1gine, Calle Profesor Potter, 183, 33203 Gij\u00f3n (Asturias)<\/span><span style=\"font-weight: 400;\"><br \/><\/span><span style=\"font-weight: 400;\">Correo electr\u00f3nico: dpo@excell.es<\/span><span style=\"font-weight: 400;\"><br \/><\/span><span style=\"font-weight: 400;\">Delegado de Protecci\u00f3n de Datos (DPD):\u00a0 Ignacio Adaro. Excell Compliance S.L.<\/span><\/p><h3><span style=\"font-weight: 400;\">2. \u00bfCon qu\u00e9 finalidad tratamos sus datos y cu\u00e1l es la base legal que lo legitima?<\/span><\/h3><p><span style=\"font-weight: 400;\">Dependiendo de su interacci\u00f3n con i4life, tratamos sus datos para las siguientes finalidades:<\/span><\/p><ul><li style=\"font-weight: 400;\" aria-level=\"1\"><b>Registro de usuario<\/b><span style=\"font-weight: 400;\">: para identificarle y permitirle el acceso a la plataforma Silverdigi y sus funcionalidades (base legal: ejecuci\u00f3n del contrato).<\/span><\/li><li style=\"font-weight: 400;\" aria-level=\"1\"><b>Atenci\u00f3n al cliente<\/b><span style=\"font-weight: 400;\">: para atender sus consultas o solicitudes, ya sea por formularios, tel\u00e9fono, correo o redes sociales (base legal: consentimiento o cumplimiento de obligaciones legales).<\/span><\/li><li style=\"font-weight: 400;\" aria-level=\"1\"><b>Comunicaciones comerciales<\/b><span style=\"font-weight: 400;\">: para informarle sobre novedades, promociones o contenidos relacionados con nuestros servicios (base legal: consentimiento; inter\u00e9s leg\u00edtimo en caso de relaci\u00f3n contractual previa).<\/span><\/li><li style=\"font-weight: 400;\" aria-level=\"1\"><b>Encuestas de calidad<\/b><span style=\"font-weight: 400;\">: para evaluar su satisfacci\u00f3n y mejorar nuestros servicios (base legal: inter\u00e9s leg\u00edtimo).<\/span><\/li><li style=\"font-weight: 400;\" aria-level=\"1\"><b>Datos tratados como encargado del tratamiento<\/b><span style=\"font-weight: 400;\">: para finalidades asistenciales y de monitorizaci\u00f3n en el marco de la plataforma Silverdigi, incluyendo el seguimiento del estado de salud o actividad del usuario (base legal: contrato con el responsable del tratamiento).<\/span><\/li><\/ul><h3><span style=\"font-weight: 400;\">3. \u00bfCu\u00e1l es la base legal para el tratamiento de sus datos?<\/span><\/h3><p><span style=\"font-weight: 400;\">La base legal para el tratamiento de los datos de car\u00e1cter personal para el registro del usuario en Silverdigi es la ejecuci\u00f3n de los t\u00e9rminos y condiciones que regulan el uso de la presente plataforma. A fin de que el usuario se pueda registrar en Silverdigi es necesario tratar datos de car\u00e1cter personal. En caso contrario, no se podr\u00e1 prestar este servicio.<\/span><\/p><p><span style=\"font-weight: 400;\">En caso de que los datos facilitados por el usuario sean datos de contacto, la base legal del tratamiento es la ejecuci\u00f3n de los t\u00e9rminos y condiciones que regulan el uso de la presente plataforma y subsidiariamente el inter\u00e9s leg\u00edtimo, tal y como estipula el art\u00edculo 19 de la Ley Org\u00e1nica 3\/2018, de 5 de diciembre, de Protecci\u00f3n de Datos Personales y garant\u00eda de los derechos digitales, en relaci\u00f3n al art\u00edculo 6,1.f) del Reglamento (UE) 2016\/679 del Parlamento Europeo y del Consejo, de 27 de abril de 2016<\/span><span style=\"font-weight: 400;\">.<\/span><\/p><p><span style=\"font-weight: 400;\">Cuando el usuario contacte a trav\u00e9s de cualquier formulario habilitado a trav\u00e9s de Silverdigi o a trav\u00e9s de cualquier otro medio de contacto publicitado en Silverdigi la base legal del tratamiento es el consentimiento del usuario.<\/span><\/p><p><span style=\"font-weight: 400;\">Si el contacto del usuario con i4life se realiza en virtud del ejercicio de los derechos amparados por alguna disposici\u00f3n legal, incluidas las reclamaciones o consultas relacionadas con los servicios o productos de i4life, la base legal que rige para dicho tratamiento es el cumplimiento de obligaciones legales.\u00a0<\/span><\/p><p><span style=\"font-weight: 400;\">En caso de que exista una relaci\u00f3n contractual previa con el usuario, siempre que i4life hubiera obtenido de forma l\u00edcita los datos de contacto del destinatario y los empleara para el env\u00edo de comunicaciones comerciales referentes a productos o servicios de su propia empresa que sean similares a los que inicialmente fueron objeto de contrataci\u00f3n con el cliente, la base legal del tratamiento se basar\u00e1 en el\u00a0inter\u00e9s leg\u00edtimo, con especial referencia a lo expuesto en el apartado segundo del art\u00edculo 21 de la Ley 34\/2002, de 11 de julio, de servicios de la sociedad de la informaci\u00f3n y de comercio electr\u00f3nico.<\/span><\/p><p><span style=\"font-weight: 400;\">i4life tiene un inter\u00e9s leg\u00edtimo para realizar encuestas de calidad a los usuarios, a fin de analizar la satisfacci\u00f3n del usuario con Silverdigi, la calidad de la atenci\u00f3n al cliente o sobre los productos y\/o servicios contratados.<\/span><\/p><h3><span style=\"font-weight: 400;\">4. \u00bfObtenemos su consentimiento?<\/span><\/h3><p><span style=\"font-weight: 400;\">Cuando el tratamiento se base en el consentimiento, \u00e9ste se recabar\u00e1 de forma expl\u00edcita mediante casillas separadas para cada finalidad. El consentimiento podr\u00e1 retirarse en cualquier momento mediante solicitud a dpo@excell.es<\/span><\/p><h3><span style=\"font-weight: 400;\">5. \u00bfCu\u00e1nto tiempo conservamos sus datos?<\/span><\/h3><p><span style=\"font-weight: 400;\">Conservaremos sus datos durante los siguientes plazos:<\/span><\/p><ul><li style=\"font-weight: 400;\" aria-level=\"1\"><span style=\"font-weight: 400;\">Datos de registro: mientras mantenga su cuenta activa.<\/span><\/li><li style=\"font-weight: 400;\" aria-level=\"1\"><span style=\"font-weight: 400;\">Atenci\u00f3n al cliente: durante el tiempo necesario para resolver su solicitud.<\/span><\/li><li style=\"font-weight: 400;\" aria-level=\"1\"><span style=\"font-weight: 400;\">Comunicaciones comerciales: hasta que solicite la baja.<\/span><\/li><li style=\"font-weight: 400;\" aria-level=\"1\"><span style=\"font-weight: 400;\">Encuestas de calidad: hasta la finalizaci\u00f3n de las acciones de mejora o su anonimato.<\/span><\/li><\/ul><p><span style=\"font-weight: 400;\">Adem\u00e1s, los datos podr\u00e1n conservarse bloqueados por los plazos legalmente establecidos para la prescripci\u00f3n de responsabilidades (hasta 5 a\u00f1os).<\/span><\/p><h3><span style=\"font-weight: 400;\">6. \u00bfCu\u00e1les son sus derechos y c\u00f3mo puede ejercerlos?<\/span><\/h3><p><span style=\"font-weight: 400;\">Puede ejercer los siguientes derechos:<\/span><\/p><ul><li style=\"font-weight: 400;\" aria-level=\"1\"><span style=\"font-weight: 400;\">Acceso: conocer qu\u00e9 datos tratamos.<\/span><\/li><li style=\"font-weight: 400;\" aria-level=\"1\"><span style=\"font-weight: 400;\">Rectificaci\u00f3n: modificar los datos inexactos.<\/span><\/li><li style=\"font-weight: 400;\" aria-level=\"1\"><span style=\"font-weight: 400;\">Supresi\u00f3n: solicitar la eliminaci\u00f3n de sus datos.<\/span><\/li><li style=\"font-weight: 400;\" aria-level=\"1\"><span style=\"font-weight: 400;\">Limitaci\u00f3n del tratamiento.<\/span><\/li><li style=\"font-weight: 400;\" aria-level=\"1\"><span style=\"font-weight: 400;\">Portabilidad.<\/span><\/li><li style=\"font-weight: 400;\" aria-level=\"1\"><span style=\"font-weight: 400;\">Oposici\u00f3n al tratamiento.<\/span><\/li><li style=\"font-weight: 400;\" aria-level=\"1\"><span style=\"font-weight: 400;\">Oposici\u00f3n a decisiones automatizadas.<\/span><\/li><\/ul><p><span style=\"font-weight: 400;\">Para ello, puede escribir a dpo@excell.es acreditando su identidad. Si considera vulnerado su derecho, puede presentar reclamaci\u00f3n ante la Agencia Espa\u00f1ola de Protecci\u00f3n de Datos (<\/span><a href=\"http:\/\/www.aepd.es\" target=\"_blank\" rel=\"noopener\"><span style=\"font-weight: 400;\">www.aepd.es<\/span><\/a><span style=\"font-weight: 400;\">).<\/span><\/p><h3><span style=\"font-weight: 400;\">7. \u00bfA qui\u00e9n comunicamos sus datos?<\/span><\/h3><p><span style=\"font-weight: 400;\">Sus datos podr\u00e1n ser comunicados a:<\/span><\/p><ul><li style=\"font-weight: 400;\" aria-level=\"1\"><span style=\"font-weight: 400;\">Proveedores tecnol\u00f3gicos (encargados del tratamiento).<\/span><\/li><li style=\"font-weight: 400;\" aria-level=\"1\"><span style=\"font-weight: 400;\">Administraciones P\u00fablicas, cuando sea legalmente exigido.<\/span><\/li><\/ul><h3><span style=\"font-weight: 400;\">8. \u00bfQu\u00e9 datos son obligatorios?<\/span><\/h3><p><span style=\"font-weight: 400;\">Los datos marcados como obligatorios en formularios son necesarios para prestarle los servicios solicitados. La no aportaci\u00f3n puede implicar la imposibilidad de gestionar su petici\u00f3n o el acceso a funcionalidades.<\/span><\/p><h3><span style=\"font-weight: 400;\">9. \u00bfSe toman decisiones automatizadas?<\/span><\/h3><p><span style=\"font-weight: 400;\">i4life no realiza decisiones exclusivamente automatizadas con efectos jur\u00eddicos o significativos sobre el usuario. En caso de aplicarse en el futuro, se informar\u00e1 claramente al usuario de la l\u00f3gica utilizada, importancia y consecuencias.<\/span><\/p><h3><span style=\"font-weight: 400;\">10. \u00bfSe realizan transferencias internacionales de datos?<\/span><\/h3><p><span style=\"font-weight: 400;\">No se realizan transferencias internacionales de datos.<\/span><\/p><h3><span style=\"font-weight: 400;\">11. \u00bfC\u00f3mo se presenta esta informaci\u00f3n?<\/span><\/h3><p><span style=\"font-weight: 400;\">Esta pol\u00edtica se estructura en formato de informaci\u00f3n por capas, estando disponible de forma clara, concisa y accesible desde la web <\/span><a href=\"https:\/\/i4life.es\/en\/\"><span style=\"font-weight: 400;\">www.i4life.es<\/span><\/a><span style=\"font-weight: 400;\">. El usuario podr\u00e1 consultar esta versi\u00f3n completa en todo momento, y se le proporcionar\u00e1 informaci\u00f3n esencial de manera resumida en los formularios de recogida de datos.<\/span><\/p><p><span style=\"font-weight: 400;\">Fecha de \u00faltima actualizaci\u00f3n: 4 de junio de 2025.<\/span><\/p>\t\t\t\t\t\t\t\t<\/div>\n\t\t\t\t<\/div>\n\t\t\t\t\t<\/div>\n\t\t\t\t<\/div>\n\t\t\t\t<\/div>","protected":false},"excerpt":{"rendered":"<p>Pol\u00edtica de privacidad &#8211; SILVERDIGI Esta Pol\u00edtica de Privacidad ha sido redactada conforme al Reglamento (UE) 2016\/679, del Parlamento Europeo [&hellip;]<\/p>\n","protected":false},"author":1,"featured_media":0,"parent":0,"menu_order":0,"comment_status":"closed","ping_status":"closed","template":"","meta":{"site-sidebar-layout":"no-sidebar","site-content-layout":"","ast-site-content-layout":"full-width-container","site-content-style":"default","site-sidebar-style":"default","ast-global-header-display":"","ast-banner-title-visibility":"","ast-main-header-display":"","ast-hfb-above-header-display":"","ast-hfb-below-header-display":"","ast-hfb-mobile-header-display":"","site-post-title":"disabled","ast-breadcrumbs-content":"","ast-featured-img":"disabled","footer-sml-layout":"","ast-disable-related-posts":"","theme-transparent-header-meta":"","adv-header-id-meta":"","stick-header-meta":"","header-above-stick-meta":"","header-main-stick-meta":"","header-below-stick-meta":"","astra-migrate-meta-layouts":"default","ast-page-background-enabled":"default","ast-page-background-meta":{"desktop":{"background-color":"var(--ast-global-color-4)","background-image":"","background-repeat":"repeat","background-position":"center center","background-size":"auto","background-attachment":"scroll","background-type":"","background-media":"","overlay-type":"","overlay-color":"","overlay-opacity":"","overlay-gradient":""},"tablet":{"background-color":"","background-image":"","background-repeat":"repeat","background-position":"center center","background-size":"auto","background-attachment":"scroll","background-type":"","background-media":"","overlay-type":"","overlay-color":"","overlay-opacity":"","overlay-gradient":""},"mobile":{"background-color":"","background-image":"","background-repeat":"repeat","background-position":"center center","background-size":"auto","background-attachment":"scroll","background-type":"","background-media":"","overlay-type":"","overlay-color":"","overlay-opacity":"","overlay-gradient":""}},"ast-content-background-meta":{"desktop":{"background-color":"var(--ast-global-color-5)","background-image":"","background-repeat":"repeat","background-position":"center center","background-size":"auto","background-attachment":"scroll","background-type":"","background-media":"","overlay-type":"","overlay-color":"","overlay-opacity":"","overlay-gradient":""},"tablet":{"background-color":"var(--ast-global-color-5)","background-image":"","background-repeat":"repeat","background-position":"center center","background-size":"auto","background-attachment":"scroll","background-type":"","background-media":"","overlay-type":"","overlay-color":"","overlay-opacity":"","overlay-gradient":""},"mobile":{"background-color":"var(--ast-global-color-5)","background-image":"","background-repeat":"repeat","background-position":"center center","background-size":"auto","background-attachment":"scroll","background-type":"","background-media":"","overlay-type":"","overlay-color":"","overlay-opacity":"","overlay-gradient":""}},"_joinchat":[],"footnotes":""},"class_list":["post-29548","page","type-page","status-publish","hentry"],"rttpg_featured_image_url":null,"rttpg_author":{"display_name":"info","author_link":"https:\/\/i4life.es\/en\/author\/info\/"},"rttpg_comment":0,"rttpg_category":null,"rttpg_excerpt":"Pol\u00edtica de privacidad &#8211; SILVERDIGI Esta Pol\u00edtica de Privacidad ha sido redactada conforme al Reglamento (UE) 2016\/679, del Parlamento Europeo [&hellip;]","_links":{"self":[{"href":"https:\/\/i4life.es\/en\/wp-json\/wp\/v2\/pages\/29548","targetHints":{"allow":["GET"]}}],"collection":[{"href":"https:\/\/i4life.es\/en\/wp-json\/wp\/v2\/pages"}],"about":[{"href":"https:\/\/i4life.es\/en\/wp-json\/wp\/v2\/types\/page"}],"author":[{"embeddable":true,"href":"https:\/\/i4life.es\/en\/wp-json\/wp\/v2\/users\/1"}],"replies":[{"embeddable":true,"href":"https:\/\/i4life.es\/en\/wp-json\/wp\/v2\/comments?post=29548"}],"version-history":[{"count":13,"href":"https:\/\/i4life.es\/en\/wp-json\/wp\/v2\/pages\/29548\/revisions"}],"predecessor-version":[{"id":37680,"href":"https:\/\/i4life.es\/en\/wp-json\/wp\/v2\/pages\/29548\/revisions\/37680"}],"wp:attachment":[{"href":"https:\/\/i4life.es\/en\/wp-json\/wp\/v2\/media?parent=29548"}],"curies":[{"name":"wp","href":"https:\/\/api.w.org\/{rel}","templated":true}]}}