{"id":1505,"date":"2024-02-28T12:52:55","date_gmt":"2024-02-28T11:52:55","guid":{"rendered":"https:\/\/i4life.es\/?page_id=1505"},"modified":"2026-02-03T13:06:55","modified_gmt":"2026-02-03T12:06:55","slug":"politica-de-privacidad","status":"publish","type":"page","link":"https:\/\/i4life.es\/en\/politica-de-privacidad\/","title":{"rendered":"Privacy policy"},"content":{"rendered":"<div data-elementor-type=\"wp-page\" data-elementor-id=\"1505\" class=\"elementor elementor-1505\">\n\t\t\t\t\t\t<section class=\"elementor-section elementor-top-section elementor-element elementor-element-69821b7 elementor-section-boxed elementor-section-height-default elementor-section-height-default\" data-id=\"69821b7\" data-element_type=\"section\" data-e-type=\"section\" data-settings=\"{&quot;background_background&quot;:&quot;classic&quot;}\">\n\t\t\t\t\t\t<div class=\"elementor-container elementor-column-gap-default\">\n\t\t\t\t\t<div class=\"elementor-column elementor-col-100 elementor-top-column elementor-element elementor-element-2e079ae\" data-id=\"2e079ae\" data-element_type=\"column\" data-e-type=\"column\">\n\t\t\t<div class=\"elementor-widget-wrap elementor-element-populated\">\n\t\t\t\t\t\t<div class=\"elementor-element elementor-element-df9dfb8 elementor-widget elementor-widget-heading\" data-id=\"df9dfb8\" data-element_type=\"widget\" data-e-type=\"widget\" data-widget_type=\"heading.default\">\n\t\t\t\t<div class=\"elementor-widget-container\">\n\t\t\t\t\t<h1 class=\"elementor-heading-title elementor-size-default\">Privacy policy<\/h1>\t\t\t\t<\/div>\n\t\t\t\t<\/div>\n\t\t\t\t\t<\/div>\n\t\t<\/div>\n\t\t\t\t\t<\/div>\n\t\t<\/section>\n\t\t<div class=\"elementor-element elementor-element-0f59f1d e-flex e-con-boxed e-con e-parent\" data-id=\"0f59f1d\" data-element_type=\"container\" data-e-type=\"container\">\n\t\t\t\t\t<div class=\"e-con-inner\">\n\t\t\t\t<div class=\"elementor-element elementor-element-8bb4a65 elementor-widget elementor-widget-text-editor\" data-id=\"8bb4a65\" data-element_type=\"widget\" data-e-type=\"widget\" data-widget_type=\"text-editor.default\">\n\t\t\t\t<div class=\"elementor-widget-container\">\n\t\t\t\t\t\t\t\t\t<p><b>En cumplimiento con el REGLAMENTO (UE) 2016\/679 DEL PARLAMENTO EUROPEO Y DEL CONSEJO<\/b> de 27 de abril de 2016 relativo a la protecci\u00f3n de las personas f\u00edsicas en lo que respecta al tratamiento de datos personales y a la libre circulaci\u00f3n de estos datos (RGPD) y con la <b>LOPDGDD 3\/2018<\/b> y resto de legislaci\u00f3n vigente en materia de protecci\u00f3n de datos personales les informamos de:<\/p><h3><span style=\"font-style: inherit;\">RESPONSABLE: \u00bfQui\u00e9n va a tratar sus datos?<\/span><\/h3><p>\u25cf<b> Responsable:<\/b> i4life innovaci\u00f3n y desarrollos, S.L.<br \/>\u25cf <b>CIF\/NIF:<\/b> B52562428<br \/>\u25cf <b>Domicilio Social: <\/b>Calle Profesor Potter 183. Edificio Vor\u00e1gine, Parque Cient\u00edfico Tecnol\u00f3gico de Gij\u00f3n. 33203.<br \/>\u25cf <b>E-mail:<\/b> dpo@excell.es<\/p><h3><span style=\"font-style: inherit;\">DPO : Datos de contacto<\/span><\/h3><p><b>E-mail :<\/b> dpo@excell.es<\/p><h3><span style=\"font-style: inherit;\">FINALIDAD: \u00bfCon qu\u00e9 finalidad recogemos sus datos?:<\/span><\/h3><p>Datos recogidos directamente de clientes para pedidos\/contratos de compra\/presupuestos\/facturaci\u00f3n: Tratamos los datos facilitados por los clientes para darles de alta como clientes en nuestro sistema, gestionar los presupuestos solicitados, mantenimiento de la relaci\u00f3n contractual en el caso de contratar alguno de nuestros servicios y todas las gestiones<br \/>administrativas derivadas (facturaci\u00f3n, cobros, etc.)<\/p><p><u>Datos recogidos en el formulario de contacto:<\/u> Tratamos los datos facilitados con el fin de contestar a la consulta planteada.<\/p><p>\u00bfQu\u00e9 datos personales tratamos?<\/p><ul><li><span style=\"text-decoration: underline;\">Datos identificativos:<\/span> nombre, apellidos, nif, direcci\u00f3n postal, direcci\u00f3n de correo electr\u00f3nico, tel\u00e9fono, puesto<\/li><li><span style=\"text-decoration: underline;\">Datos de informaci\u00f3n comercial.<\/span><\/li><li><span style=\"text-decoration: underline;\">Datos econ\u00f3micos, financieros y de seguros.<\/span><\/li><li><span style=\"text-decoration: underline;\">Transacciones de bienes y servicios<\/span><\/li><\/ul><h3><span style=\"font-style: inherit;\">LEGITIMACI\u00d3N (Base jur\u00eddica):<\/span><\/h3><p>DATOS DE CLIENTES PARA CONTRATOS DE SERVICIOS\/ PRESUPUESTOS\/ FACTURACION\/ COMPRA ON LINE.<\/p><p>1.-<span style=\"text-decoration: underline;\">El inter\u00e9s leg\u00edtimo del responsable<\/span> (Art. 6.1.f RGPD) en mantener la relaci\u00f3n necesaria con los clientes para una correcta prestaci\u00f3n del servicio y comunicar incidencias o remitir informaci\u00f3n comercial de productos semejantes a los adquiridos que pueda ser de inter\u00e9s para el cliente.<br \/>2.- <span style=\"text-decoration: underline;\">El cumplimiento del contrato establecido<\/span> (Art. 6.1.b) entre las partes al contratar alguno de nuestros servicios o adoptar medidas precontractuales.<br \/>3. \u2013 <span style=\"text-decoration: underline;\">Cumplimiento de una obligaci\u00f3n legal<\/span> (Art. 6.1.c RGPD) cuando sea requerido<\/p><h3><span style=\"font-style: inherit;\">FORMULARIO DE CONTACTO<\/span><\/h3><p>1.- <span style=\"text-decoration: underline;\">Consentimiento del interesado:<\/span> RGPD: 6.1. a) el interesado dio su consentimiento a trav\u00e9s del formulario de contacto para contestar a la consulta planteada<\/p><h3><span style=\"font-style: inherit;\">COMUNICACIONES COMERCIALES<\/span><\/h3><p>1.- <span style=\"text-decoration: underline;\">Consentimiento del interesado:<\/span> RGPD: 6.1. a) el interesado dio su consentimiento a trav\u00e9s de la casilla correspondiente.<\/p><p><strong>Obligaci\u00f3n o no de facilitar datos y consecuencias de no hacerlo:<\/strong> Los datos solicitados en los formularios e indicados como requeridos, son necesarios para poder contactar o contratar nuestros servicios. En el caso de que no se pueda obtener toda la informaci\u00f3n requerida no se podr\u00e1 establecer la comunicaci\u00f3n con LA ENTIDAD, ni gestionar el alta como cliente o realizar el servicio contratado.<\/p><h3><span style=\"font-style: inherit;\">DESTINATARIOS: \u00bfA qui\u00e9n comunicamos los datos que nos facilita?<\/span><\/h3><p>1.- La <span style=\"text-decoration: underline;\">Administraci\u00f3n p\u00fablica<\/span> y sus diferentes organismos si los requiriesen por obligaci\u00f3n legal.<br \/>2.- Gestor del <span style=\"text-decoration: underline;\">correo electr\u00f3nico y alojamiento web<\/span><br \/>3- <span style=\"text-decoration: underline;\">Entidades bancarias<\/span> para la gesti\u00f3n del pago seg\u00fan la forma elegida<br \/>4- <span style=\"text-decoration: underline;\">Asesor\u00eda<\/span> para cumplir con las obligaciones fiscales y societarias de la entidad.<\/p><p><b>Transferencias internacionales:<\/b> Actualmente no se realizan transferencias internacionales de datos fuera de la UE<\/p><h3><span style=\"font-style: inherit; font-weight: inherit;\">CONSERVACI\u00d3N: \u00bfDurante cu\u00e1nto tiempo conservamos sus datos?<\/span><\/h3><p>Los datos de clientes y usuarios ser\u00e1n conservados mientras el interesado no solicite la baja y\/o se sigan manteniendo relaciones comerciales. Una vez finalice la relaci\u00f3n o solicite la baja, los datos ser\u00e1n conservados de forma bloqueada a la atenci\u00f3n de posibles requerimientos legales o administrativos hasta la prescripci\u00f3n de los mismos (m\u00ednimo 6 a\u00f1os).<\/p><h3><span style=\"font-style: inherit;\">DERECHOS: \u00bfCu\u00e1les son sus derechos cuando nos facilita sus datos?<\/span><\/h3><p>\u25cf <b>Acceso:<\/b> El interesado tiene derecho a saber que datos est\u00e1 tratando LA ENTIDAD sobre \u00e9l.<br \/>\u25cf <b>Rectificaci\u00f3n: <\/b>El interesado tiene derecho a solicitar la rectificaci\u00f3n de los datos inexactos.<br \/>\u25cf <b>Supresi\u00f3n:<\/b> El interesado tiene derecho a solicitar la supresi\u00f3n de sus datos cuando, entro otros motivos, los datos no sean necesarios para los fines que fueron recogidos.<br \/>\u25cf <b>Limitaci\u00f3n del tratamiento:<\/b> En determinadas circunstancias el interesado podr\u00e1 solicitar la limitaci\u00f3n del tratamiento de sus datos, en cuyo caso \u00fanicamente los conservaremos para el ejercicio o la defensa de reclamaciones.<br \/>\u25cf <b>Oposici\u00f3n:<\/b> En determinadas circunstancias el interesado podr\u00e1 oponerse al tratamiento de sus datos. En ese caso LA ENTIDAD dejar\u00e1 de tratar sus datos, salvo por motivos leg\u00edtimos imperiosos o el ejercicio o la defensa de posibles reclamaciones.<br \/>\u25cf <b>Portabilidad de los datos:<\/b> S\u00f3lo aplicable a datos automatizados y consiste en pasar los datos desde LA ENTIDAD a otro nuevo RESPONSABLE DEL TRATAMIENTO (no al interesado y por solicitud del mismo).<\/p><p>Puede usted ejercer sus derechos incluido el derecho a retirar su consentimiento (si este fue otorgado) enviando un escrito a la direcci\u00f3n indicada anteriormente o enviando un e-mail a dpo@excell.es<br \/>Adem\u00e1s tiene usted derecho a reclamar ante la Agencia Espa\u00f1ola de Protecci\u00f3n de Datos que es la Autoridad de Control:<\/p><h4><a href=\"https:\/\/sedeaepd.gob.es\/sede-electronica\/home\" target=\"_blank\" rel=\"noopener\">https:\/\/sedeaepd.gob.es\/sede-electronica\/home<\/a><\/h4><h3><span style=\"font-style: inherit;\">DECISIONES AUTOMATIZADAS<\/span><\/h3><p>No se realizan perfiles de usuarios ni tomas de decisiones automatizadas.<\/p><h3><span style=\"font-style: inherit; font-weight: inherit;\">MEDIDAS DE SEGURIDAD<\/span><\/h3><p><span style=\"font-style: inherit; font-weight: inherit;\">La Web est\u00e1 alojada en un servidor seguro y toda la informaci\u00f3n suministrada se transmite a trav\u00e9s\u00a0<\/span><span style=\"font-style: inherit; font-weight: inherit;\">de la tecnolog\u00eda Secure Socket Layer (SSL) y luego se encripta en la base de datos de nuestro\u00a0<\/span><span style=\"font-style: inherit; font-weight: inherit;\">proveedor de pasarela de pago para que puedan acceder quienes est\u00e1n autorizados a acceder a\u00a0<\/span><span style=\"font-style: inherit; font-weight: inherit;\">dichos sistemas y quienes deben mantener la confidencialidad de la informaci\u00f3n.<\/span><\/p><p>Estamos certificados seg\u00fan la norma ISO 27001 de Sistemas de Gesti\u00f3n de Seguridad de la Informaci\u00f3n, cumpliendo todos los protocolos de seguridad incluidos en la norma. Adem\u00e1s LA ENTIDAD ha adoptado medidas de seguridad tanto t\u00e9cnicas como organizativas resultantes del An\u00e1lisis de Riesgos y de la Auditoria de cumplimiento realiza sobre el RGPD y la LOPDGDD y el tipo de datos personales gestionados.\u00a0<\/p><h3>TRANSPARENCIA<\/h3><p>En cumplimiento del principio de transparencia, ponemos a su disposici\u00f3n nuestro Registro de Actividades de Tratamiento. Puede consultarlo <a href=\"https:\/\/i4life.es\/en\/registro-de-actividades-como-responsable\/\">here<\/a>.<\/p>\t\t\t\t\t\t\t\t<\/div>\n\t\t\t\t<\/div>\n\t\t\t\t\t<\/div>\n\t\t\t\t<\/div>\n\t\t\t\t<\/div>","protected":false},"excerpt":{"rendered":"<p>Pol\u00edtica de privacidad En cumplimiento con el REGLAMENTO (UE) 2016\/679 DEL PARLAMENTO EUROPEO Y DEL CONSEJO de 27 de abril [&hellip;]<\/p>\n","protected":false},"author":1,"featured_media":0,"parent":0,"menu_order":0,"comment_status":"closed","ping_status":"closed","template":"","meta":{"site-sidebar-layout":"no-sidebar","site-content-layout":"","ast-site-content-layout":"full-width-container","site-content-style":"default","site-sidebar-style":"default","ast-global-header-display":"","ast-banner-title-visibility":"","ast-main-header-display":"","ast-hfb-above-header-display":"","ast-hfb-below-header-display":"","ast-hfb-mobile-header-display":"","site-post-title":"disabled","ast-breadcrumbs-content":"","ast-featured-img":"disabled","footer-sml-layout":"","ast-disable-related-posts":"","theme-transparent-header-meta":"","adv-header-id-meta":"","stick-header-meta":"","header-above-stick-meta":"","header-main-stick-meta":"","header-below-stick-meta":"","astra-migrate-meta-layouts":"default","ast-page-background-enabled":"default","ast-page-background-meta":{"desktop":{"background-color":"var(--ast-global-color-4)","background-image":"","background-repeat":"repeat","background-position":"center center","background-size":"auto","background-attachment":"scroll","background-type":"","background-media":"","overlay-type":"","overlay-color":"","overlay-opacity":"","overlay-gradient":""},"tablet":{"background-color":"","background-image":"","background-repeat":"repeat","background-position":"center center","background-size":"auto","background-attachment":"scroll","background-type":"","background-media":"","overlay-type":"","overlay-color":"","overlay-opacity":"","overlay-gradient":""},"mobile":{"background-color":"","background-image":"","background-repeat":"repeat","background-position":"center center","background-size":"auto","background-attachment":"scroll","background-type":"","background-media":"","overlay-type":"","overlay-color":"","overlay-opacity":"","overlay-gradient":""}},"ast-content-background-meta":{"desktop":{"background-color":"var(--ast-global-color-5)","background-image":"","background-repeat":"repeat","background-position":"center center","background-size":"auto","background-attachment":"scroll","background-type":"","background-media":"","overlay-type":"","overlay-color":"","overlay-opacity":"","overlay-gradient":""},"tablet":{"background-color":"var(--ast-global-color-5)","background-image":"","background-repeat":"repeat","background-position":"center center","background-size":"auto","background-attachment":"scroll","background-type":"","background-media":"","overlay-type":"","overlay-color":"","overlay-opacity":"","overlay-gradient":""},"mobile":{"background-color":"var(--ast-global-color-5)","background-image":"","background-repeat":"repeat","background-position":"center center","background-size":"auto","background-attachment":"scroll","background-type":"","background-media":"","overlay-type":"","overlay-color":"","overlay-opacity":"","overlay-gradient":""}},"_joinchat":[],"footnotes":""},"class_list":["post-1505","page","type-page","status-publish","hentry"],"rttpg_featured_image_url":null,"rttpg_author":{"display_name":"info","author_link":"https:\/\/i4life.es\/en\/author\/info\/"},"rttpg_comment":0,"rttpg_category":null,"rttpg_excerpt":"Pol\u00edtica de privacidad En cumplimiento con el REGLAMENTO (UE) 2016\/679 DEL PARLAMENTO EUROPEO Y DEL CONSEJO de 27 de abril [&hellip;]","_links":{"self":[{"href":"https:\/\/i4life.es\/en\/wp-json\/wp\/v2\/pages\/1505","targetHints":{"allow":["GET"]}}],"collection":[{"href":"https:\/\/i4life.es\/en\/wp-json\/wp\/v2\/pages"}],"about":[{"href":"https:\/\/i4life.es\/en\/wp-json\/wp\/v2\/types\/page"}],"author":[{"embeddable":true,"href":"https:\/\/i4life.es\/en\/wp-json\/wp\/v2\/users\/1"}],"replies":[{"embeddable":true,"href":"https:\/\/i4life.es\/en\/wp-json\/wp\/v2\/comments?post=1505"}],"version-history":[{"count":67,"href":"https:\/\/i4life.es\/en\/wp-json\/wp\/v2\/pages\/1505\/revisions"}],"predecessor-version":[{"id":39162,"href":"https:\/\/i4life.es\/en\/wp-json\/wp\/v2\/pages\/1505\/revisions\/39162"}],"wp:attachment":[{"href":"https:\/\/i4life.es\/en\/wp-json\/wp\/v2\/media?parent=1505"}],"curies":[{"name":"wp","href":"https:\/\/api.w.org\/{rel}","templated":true}]}}