{"id":1483,"date":"2024-02-28T12:44:38","date_gmt":"2024-02-28T11:44:38","guid":{"rendered":"https:\/\/i4life.es\/?page_id=1483"},"modified":"2024-04-09T12:02:02","modified_gmt":"2024-04-09T10:02:02","slug":"aviso-legal","status":"publish","type":"page","link":"https:\/\/i4life.es\/en\/aviso-legal\/","title":{"rendered":"Aviso Legal"},"content":{"rendered":"<div data-elementor-type=\"wp-page\" data-elementor-id=\"1483\" class=\"elementor elementor-1483\">\n\t\t\t\t\t\t<section class=\"elementor-section elementor-top-section elementor-element elementor-element-69821b7 elementor-section-boxed elementor-section-height-default elementor-section-height-default\" data-id=\"69821b7\" data-element_type=\"section\" data-e-type=\"section\" data-settings=\"{&quot;background_background&quot;:&quot;classic&quot;}\">\n\t\t\t\t\t\t<div class=\"elementor-container elementor-column-gap-default\">\n\t\t\t\t\t<div class=\"elementor-column elementor-col-100 elementor-top-column elementor-element elementor-element-2e079ae\" data-id=\"2e079ae\" data-element_type=\"column\" data-e-type=\"column\">\n\t\t\t<div class=\"elementor-widget-wrap elementor-element-populated\">\n\t\t\t\t\t\t<div class=\"elementor-element elementor-element-df9dfb8 elementor-widget elementor-widget-heading\" data-id=\"df9dfb8\" data-element_type=\"widget\" data-e-type=\"widget\" data-widget_type=\"heading.default\">\n\t\t\t\t<div class=\"elementor-widget-container\">\n\t\t\t\t\t<h1 class=\"elementor-heading-title elementor-size-default\">Aviso Legal<\/h1>\t\t\t\t<\/div>\n\t\t\t\t<\/div>\n\t\t\t\t\t<\/div>\n\t\t<\/div>\n\t\t\t\t\t<\/div>\n\t\t<\/section>\n\t\t\t\t<section class=\"elementor-section elementor-top-section elementor-element elementor-element-fb8412c elementor-section-boxed elementor-section-height-default elementor-section-height-default\" data-id=\"fb8412c\" data-element_type=\"section\" data-e-type=\"section\" data-settings=\"{&quot;background_background&quot;:&quot;classic&quot;}\">\n\t\t\t\t\t\t<div class=\"elementor-container elementor-column-gap-default\">\n\t\t\t\t\t<div class=\"elementor-column elementor-col-100 elementor-top-column elementor-element elementor-element-a2b8d17\" data-id=\"a2b8d17\" data-element_type=\"column\" data-e-type=\"column\">\n\t\t\t<div class=\"elementor-widget-wrap elementor-element-populated\">\n\t\t\t\t\t\t<div class=\"elementor-element elementor-element-7886f5d elementor-widget elementor-widget-text-editor\" data-id=\"7886f5d\" data-element_type=\"widget\" data-e-type=\"widget\" data-widget_type=\"text-editor.default\">\n\t\t\t\t<div class=\"elementor-widget-container\">\n\t\t\t\t\t\t\t\t\t<p>En virtud de lo estipulado por el art\u00edculo 10 de la Ley 34\/2002, de 11 de Julio, de Servicios de la Sociedad de la Informaci\u00f3n y del Comercio Electr\u00f3nico, se informa al usuario que el dominio www.i4life.es pertenece, como titular a:<\/p><p>i4life innovaci\u00f3n y desarrollos, S.L. (en adelante, i4life)<br \/>NIF: B-52.562.428<br \/>Parque Cient\u00edfico Tecnol\u00f3gico. Edificio Vor\u00e1gine. Calle Profesor Potter, 183<br \/>Gij\u00f3n (33203 \u2013 Asturias)<br \/>www.i4life.es<\/p><p>Inscrita en el Registro Mercantil de Asturias con n\u00famero de Tomo 4.307 Folio 60, Secci\u00f3n 8, Hoja n\u00ba 53.107, Inscripci\u00f3n 1.<\/p><h2>CONDICIONES DE USO<\/h2><p>El uso de esta website se regir\u00e1 por las presentes condiciones, incluy\u00e9ndose los contenidos y servicios puestos a disposici\u00f3n de los usuarios. Es por ello que desde i4life le rogamos que lea atentamente estas condiciones ya que contienen toda la informaci\u00f3n relativa a sus derechos y obligaciones.<\/p><p>Debe saber que con el mero acceso a la website ya se le considerar\u00e1 como \u201cusuario\u201d de la misma y con ello acepta expresamente, de forma autom\u00e1tica y voluntaria, las condiciones vigentes en cada momento. En caso de que no desee aceptarlas se le recomienda no seguir haciendo uso de la website.<\/p><p>i4life se reserva el derecho, en exclusiva y en cualquier momento, a revisar las presentes condiciones para introducir modificaciones derivadas de cambios legislativos o por decisiones corporativas, comprometi\u00e9ndose a publicar y con ello informar de las variaciones que pudieran afectar a los usuarios. Estas modificaciones se entender\u00e1n aceptadas cuando el usuario siga haciendo uso de la website.<\/p><p>As\u00ed mismo, i4life se reserva el derecho a modificar unilateralmente, en cualquier momento y sin previo aviso, la estructura y dise\u00f1o de la website, as\u00ed como los servicios o contenidos. Con estos mismos t\u00e9rminos, durante las tareas de modificaci\u00f3n, reparaci\u00f3n, actualizaci\u00f3n o mejoras se podr\u00e1 suspender el acceso a la website.<\/p><p>Podr\u00eda ocurrir que derivado de las modificaciones en la website descritas en el p\u00e1rrafo anterior se incluyeran nuevos contenidos o servicios que adem\u00e1s de estar sujetos a estas Condiciones de Uso tambi\u00e9n lo estuvieran a Condiciones Particulares o Especiales que ampliaran o sustituyeran las presentes. En caso de que hubiera alguna discordancia entre las generales y las particulares, prevalecer\u00e1 lo estipulado en estas \u00faltimas.<\/p><p>El acceso a determinados contenidos y la utilizaci\u00f3n de las diferentes funcionalidades de la presente website puede someterse a determinadas condiciones, que podr\u00e1n operar como condiciones particulares o generales, y que, en todo caso, ser\u00e1n mostradas con total transparencia antes de su aceptaci\u00f3n expresa con car\u00e1cter previo por parte de los usuarios. Estas condiciones podr\u00e1n sustituir, completar o, incluso, modificar las presentes condiciones de uso.<\/p><h2>Obligaciones y responsabilidades de los usuarios<\/h2><p>Durante el uso de la presente website, el usuario se compromete a no contravenir la legislaci\u00f3n vigente, la buena fe, la costumbre y el orden p\u00fablico durante el uso de la presente website, quedando prohibido el uso con fines il\u00edcitos, enga\u00f1osos, malintencionados o lesivos para i4life o terceros. Por tanto, el uso debe ser adecuado y correcto, absteni\u00e9ndose el usuario a realizar conductas da\u00f1inas a la imagen, intereses y\/o derechos de i4life y\/o terceros o da\u00f1e, inutilice o sobrecargue la website. As\u00ed mismo, deber\u00e1 abstenerse de acceder, utilizar y\/o manipular los datos de i4life.<\/p><p>El usuario se compromete a facilitar informaci\u00f3n veraz a trav\u00e9s de las comunicaciones con i4life, constituy\u00e9ndose como \u00fanico responsable de los da\u00f1os o perjuicios que pudiera causar dicha informaci\u00f3n, por ser inexacta o falsa, tanto a i4life como a terceros.<\/p><p>El usuario es el \u00fanico responsable de asegurarse de cumplir con los requisitos t\u00e9cnicos m\u00ednimos y de conexi\u00f3n a internet necesarios para el correcto uso de la website. En consecuencia, i4life no asumir\u00e1 responsabilidad alguna por la inadecuaci\u00f3n de los requisitos t\u00e9cnicos de los equipos del usuario que impidan el correcto funcionamiento operativo.<\/p><p>i4life se reserva el derecho a emprender las acciones legales necesarias en defensa de sus intereses o suspender temporalmente, y sin previo aviso, la accesibilidad a la website con motivo de operaciones de mantenimiento, reparaci\u00f3n, actualizaci\u00f3n o mejora.<\/p><p>El usuario se compromete a utilizar la presente website respetando los siguientes puntos:<\/p><p>\u2981 El usuario se compromete a no provocar da\u00f1os, interrupciones, ineficiencias o defectos en su funcionamiento o en los sistemas inform\u00e1ticos de cualquier tercero o en su caso, de i4life. Tampoco podr\u00e1 llevarse a cabo conductas que provoquen la saturaci\u00f3n de los sistemas o infraestructura de la presente website, o en los sistemas o redes de i4life.<br \/>\u2981 Usar la presente website para la transmisi\u00f3n, instalaci\u00f3n o propagaci\u00f3n de virus, c\u00f3digo malicioso o cualquier otro sistema perjudicial de naturaleza an\u00e1loga.<br \/>\u2981 El usuario se compromete a no realizar ning\u00fan intento de violaci\u00f3n de niveles de acceso, manipulaci\u00f3n incorrecta de datos, duplicaciones y exportaciones de datos o informaciones protegidas por propiedad intelectual u otros derechos legales, intentar el acceso a \u00e1reas restringidas de los sistemas inform\u00e1ticos de i4life, introducci\u00f3n de programas, virus o cualquier otro dispositivo que produzca o pueda producir modificaciones en el sistema inform\u00e1tico de i4life o de terceros, as\u00ed como a la utilizaci\u00f3n de sistemas de pirateo o falsificaci\u00f3n, extracci\u00f3n de contrase\u00f1as o de cualquier otro medio an\u00e1logo que pueda provocar un da\u00f1o a terceros o i4life.<br \/>\u2981 El usuario no podr\u00e1 ceder ni transmitir a un tercero el nombre de usuario y contrase\u00f1a de acceso quedando, en definitiva, prohibida la utilizaci\u00f3n de la website para cualquier otro fin que no sea la exclusiva satisfacci\u00f3n de sus propias necesidades de uso, o que no sea el uso descrito en la propia website. i4life, en ning\u00fan caso, conocer\u00e1 la contrase\u00f1a del usuario. Esta permanecer\u00e1 cifrada en los sistemas inform\u00e1ticas de i4life. Informar que en caso de extrav\u00edo de la contrase\u00f1a o de necesidad, el usuario dispone de un sistema de recuperaci\u00f3n de la contrase\u00f1a.<br \/>\u2981 A fin de registrarse como usuario de la presente website, ser\u00e1 necesario que sea mayor de edad (dieciocho a\u00f1os).<br \/>\u2981 El usuario no podr\u00e1 registrarse con una identidad falsa, suplantando a terceros o realizando cualquier otra acci\u00f3n que pueda confundirlo con una identidad que no sea la suya.<br \/>\u2981 En caso de uso indebido por parte de un tercero de la contrase\u00f1a y de los datos de acceso, el usuario deber\u00e1 notificar de forma inmediata de este hecho a i4life, con el fin de proceder a realizar los tr\u00e1mites oportunos. Mientras el usuario no comunique a i4life de tales hechos, i4life quedar\u00e1 eximido de cualquier responsabilidad que pudiera derivarse del uso indebido de los datos identificadores y\/o contrase\u00f1a por parte de terceros no autorizados.<br \/>\u2981 El usuario proveer\u00e1 los medios necesarios para asegurar que las contrase\u00f1as y claves de acceso a la aplicaci\u00f3n permanecer\u00e1n bajo su control y no ser\u00e1n divulgadas, copiadas, reproducidas por parte de terceras personas no autorizadas, debiendo custodiar las mismas.<br \/>\u2981 Queda absolutamente prohibido al usuario, de forma enunciativa pero no limitativa, realizar ingenier\u00eda inversa, descompilar, desensamblar, reproducir, traducir, modificar, versionar, comercializar, duplicar, transformar ni transmitir a terceros, en todo o en parte la website, as\u00ed como eliminar, manipular o alterar de cualquier modo cualquier aviso o etiqueta f\u00edsica o l\u00f3gica que incluya los derechos de propiedad de i4life sobre la aplicaci\u00f3n.<br \/>\u2981 El usuario se compromete a no quebrantar o intentarlo, las medidas de seguridad o autenticaci\u00f3n de la presente website, o de cualquier red conectada al mismo, incluyendo las medidas de seguridad o protecci\u00f3n de los contenidos alojados en la presente website.<br \/>\u2981 La utilizaci\u00f3n de la website no implica la aceptaci\u00f3n, aprobaci\u00f3n y\/o conocimiento por parte del i4life del uso indebido que se haga de la website, puesto que la i4life s\u00f3lo proporciona al usuario permisos para hacer un correcto uso de la misma, conforme al presente contrato. El usuario es el \u00fanico responsable del correcto uso de la website.<br \/>\u2981 Todos los derechos que no se hayan incluido expresamente en las presentes condiciones de uso, incluidos los derechos en materia de propiedad intelectual e industrial, quedan reservados a i4life.<br \/>\u2981 El usuario se compromete a no utilizar la presente website para tratar datos de car\u00e1cter personal de otros usuarios.<br \/>\u2981 Impedir el normal desarrollo de un evento, concurso, promoci\u00f3n o cualquier otra actividad an\u00e1loga en la presente website.<\/p><h2>Propiedad Intelectual e Industrial.<\/h2><p>i4life es titular o cuenta con las autorizaciones y\/o licencias sobre los derechos de explotaci\u00f3n de la propiedad intelectual e industrial de los contenidos, fotograf\u00edas, videos, dise\u00f1os, textos, gr\u00e1ficos, logos, iconos, botones, software, nombres comerciales, marcas o cualquier otro signo que pueda ser susceptible de comercializaci\u00f3n o uso industrial mostrados en la website, y est\u00e1n protegidos, entre otras, por las normas nacionales e internacionales de propiedad intelectual e industrial.<\/p><p>En ning\u00fan caso se podr\u00e1 entender que el acceso, navegaci\u00f3n y utilizaci\u00f3n de la presente website por parte del usuario, as\u00ed como la contrataci\u00f3n de servicios y\/ productos, da lugar a una licencia, transmisi\u00f3n, cesi\u00f3n o renuncia, total o parcial, de los derechos recogidos en el presente documento a favor del usuario. \u00danicamente se otorga un derecho de uso sobre el contenido y\/o servicios de la presente website dentro del \u00e1mbito dom\u00e9stico, siendo el acceso y navegaci\u00f3n con la finalidad de disfrutar de las prestaciones de servicios las permitidas dentro de estas condiciones de uso.<\/p><p>Queda prohibida la reproducci\u00f3n de la presente website, as\u00ed como ninguno de sus contenidos, salvo autorizaci\u00f3n expresa y por escrito de i4life. Sin perjuicio, el usuario tendr\u00e1 el derecho a crear enlaces a la p\u00e1gina de la website para el uso privado y no comercial sujeto a diferentes condiciones, reserv\u00e1ndose i4life el derecho a solicitar, en cualquier momento, la eliminaci\u00f3n inmediata de cualquier enlace a la website.<\/p><p>Igualmente, se proh\u00edbe suprimir, manipular o de cualquier otra forma, explotar los derechos econ\u00f3micos de i4life o de terceros sin la autorizaci\u00f3n de estos por escrito. Queda prohibido, igualmente, modificar, copiar, reproducir, comunicar de amanera p\u00fablica, transformar o distribuir, el contenido de la presente website para cualquier otro prop\u00f3sito que no sea el recogido en el presente documento.<\/p><p>Todo objeto sujeto a propiedad intelectual y\/o industrial, ya sean titularidad del prestador o de terceros, lleva impl\u00edcita la prohibici\u00f3n de explotaci\u00f3n sin<\/p><p>i4life ostenta la titularidad de los signos distintivos identificativos de su sociedad, por lo que proh\u00edbe su reproducci\u00f3n, imitaci\u00f3n, utilizaci\u00f3n o inserci\u00f3n de estos signos distintivos sin nuestra debida autorizaci\u00f3n.<\/p><p>La propiedad intelectual e industrial de la presente website est\u00e1n sujetas a la licencia de uso CC BY-NC-ND. Esta licencia no permite la generaci\u00f3n de obras derivadas ni hacer un uso comercial de la obra original, es decir, s\u00f3lo son posibles los usos y finalidades que no tengan car\u00e1cter comercial, salvo para aquello expresamente pactado en condiciones particulares con los usuarios.<\/p><p>\u00a0<\/p><h2>Pol\u00edtica sobre enlaces<\/h2><p>Es posible que la presente website contenga enlaces a p\u00e1ginas web de terceros. i4life informa que esas p\u00e1ginas web se encuentran gestionadas por terceros, no teniendo i4life ninguna responsabilidad sobre la misma.<\/p><p>Indistintamente, en caso de que un usuario detecte que las p\u00e1ginas web de terceros lleva a cabo actividades ilegales o contravienen la legalidad vigente, se solicita comunicarlo directamente a i4life a fin de proceder al estudio del caso, y si fuere oportuno, deshabilitar el enlace a la p\u00e1gina web.<\/p><p>Queda prohibida la reproducci\u00f3n de la presente website, as\u00ed como ninguno de sus contenidos, salvo autorizaci\u00f3n expresa y por escrito de i4life. Sin perjuicio, el usuario tendr\u00e1 el derecho a crear enlaces a la p\u00e1gina de la website para el uso privado y no comercial sujeto a diferentes condiciones, reserv\u00e1ndose i4life el derecho a solicitar, en cualquier momento, la eliminaci\u00f3n inmediata de cualquier enlace a la website. Las condiciones son:<\/p><p>\u2981 Ser\u00e1 un derecho revocable y no exclusivo.<\/p><p>\u2981 No podr\u00e1 dar a entender que i4life recomienda dicho sitio web, servicios o productos ni falsear su relaci\u00f3n.<\/p><p>\u2981 No debe incluir contenidos considerados de mal gusto, obscenos, ofensivos controvertidos, incitadores a la violencia o discriminaci\u00f3n por sexo, raza o religi\u00f3n, contrarios al orden p\u00fablico o il\u00edcito.<\/p><p>\u2981 El enlace debe dirigir a la website, sin que se permita la reproducci\u00f3n como parte de su web o dentro de uno de sus frames o crear un browser sobre cualquiera de las p\u00e1ginas de la website.<\/p><p>i4life no puede controlar la informaci\u00f3n, contenidos, productos o servicios facilitados por otros sitios web que tengan establecidos enlaces con destino a la website. Por este motivo, no se hace responsable de cualquier aspecto relativo a tales sitios web.<\/p><h2>Responsabilidad de la empresa<\/h2><p>i4life no garantiza la fiabilidad, utilidad o veracidad de absolutamente toda la informaci\u00f3n de la presente website. Por lo tanto, i4life no puede garantizar:<\/p><p>\u2981 La continuidad de los contenidos alojados en la presente website o la ausencia de errores en dichos contenidos.<br \/>\u2981 A pesar de haber tomado medidas t\u00e9cnicas y organizativas en i4life seg\u00fan el estado de la t\u00e9cnica actual, la invulnerabilidad de la website, y\/o la imposibilidad de vulnerar las medidas de seguridad que se adopten.<br \/>\u2981 Rendimiento de la website.<br \/>\u2981 Posibles da\u00f1os causados por terceros al infringir las estipulaciones del presente documento.<\/p><p>Asimismo, i4life no se hace responsable de los problemas resultantes del mal funcionamiento o uso de versiones no optimizadas de cualquier tipo de navegador, as\u00ed como de aquellas derivadas de interrupciones prolongadas del suministro el\u00e9ctrico, l\u00edneas de telecomunicaciones, conflictos sociales, huelgas, explosiones, inundaciones, actos y omisiones del Gobierno, y en general todos los supuestos de fuerza mayor o de caso fortuito.<\/p><p>Tanto el acceso a la website como el uso que pueda hacerse de la informaci\u00f3n contenida en la misma es de exclusiva responsabilidad de quien lo realiza. Por tanto, i4life no se responsabiliza de las consecuencias que pudiera ocasionar dicho uso o acceso a la informaci\u00f3n y \u00fanicamente proceder\u00e1 a la eliminaci\u00f3n, lo antes posible, de los contenidos que pudieran generar alg\u00fan tipo de da\u00f1o o perjuicio, siempre que as\u00ed se notifique o tenga conocimiento efectivo.<\/p><p>i4life no responder\u00e1 de los posibles errores de seguridad que se puedan producir ni de los posibles da\u00f1os que se ocasionaren al sistema inform\u00e1tico del usuario, ficheros o documentos almacenados en el mismo, cuando tengan origen en un virus proveniente del ordenador del usuario, mal funcionamiento del navegador o del uso de versiones no actualizadas del mismo, de aver\u00edas telef\u00f3nicas, interferencias, omisiones o desconexiones en el funcionamiento operativo del sistema electr\u00f3nico motivados por causas ajenas a i4life.<\/p><p>i4life no puede controlar la informaci\u00f3n, contenidos, productos o servicios facilitados por otros sitios web que tengan establecidos enlaces con destino a la website. Por este motivo, no se hace responsable de cualquier aspecto relativo a tales sitios web, ni puede asegurar su total disponibilidad.<\/p><p>En caso de incumplimiento de alguna de las disposiciones recogidas en el presente documentos, i4life se reserva el derecho de emprender las acciones oportunas amparadas en la legislaci\u00f3n vigente y en el ejercicio de sus derechos u obligaciones. Por ello, i4life podr\u00e1 poner en conocimiento de los cuerpos y seguridad del estado, as\u00ed como a tantas autoridades sean competentes o se estimen oportunas, si detectase cualquier infracci\u00f3n de la legislaci\u00f3n vigente, de las presente condiciones o si se tuviera sospecha de la comisi\u00f3n de alg\u00fan delito.<\/p><h2>Protecci\u00f3n de datos<\/h2><p>i4life innovaci\u00f3n y desarrollos, S.L. (en adelante, i4life) tiene como objetivo respetar la privacidad de sus usuarios y proteger los datos de car\u00e1cter personal que \u00e9stos puedan facilitar a i4life.<\/p><p>En respeto a la Ley Org\u00e1nica 3\/2018, de 5 de diciembre, de Protecci\u00f3n de Datos Personales y garant\u00eda de los derechos digitales (en adelante, LOPDGDD) y el Reglamento General de Protecci\u00f3n de Datos de la Uni\u00f3n Europea (en adelante, RGPD), el usuario podr\u00e1 consultar la pol\u00edtica de privacidad de i4life en la presente website.<\/p><p>Igualmente, se informa al usuario que tambi\u00e9n tiene a su disposici\u00f3n la pol\u00edtica de cookies en la presente website.<\/p><h2>Resoluci\u00f3n de conflictos. Ley aplicable y jurisdicci\u00f3n<\/h2><p>Las partes acuerdan expresamente que el presente contrato se regir\u00e1 y ser\u00e1 interpretado, en todos sus t\u00e9rminos y condiciones, conforme a la vigente legislaci\u00f3n espa\u00f1ola.<\/p><p>Las partes se someten expresamente, para cualesquiera cuestiones o divergencias que pudieren suscitarse por raz\u00f3n de la interpretaci\u00f3n, cumplimiento y ejecuci\u00f3n de este contrato, a la jurisdicci\u00f3n y competencia de los Juzgados y Tribunales correspondientes al domicilio del consumidor o usuario o a los del lugar de cumplimiento de la obligaci\u00f3n contractual.<\/p><p>\u00a0<\/p><p>\u00daltima modificaci\u00f3n: 4 de febrero de 2024<\/p><p>Texto legal desarrollado por:<br \/>\u00c1rea Digital Abogados, S.L.P.<br \/>adabogados.net<\/p>\t\t\t\t\t\t\t\t<\/div>\n\t\t\t\t<\/div>\n\t\t\t\t\t<\/div>\n\t\t<\/div>\n\t\t\t\t\t<\/div>\n\t\t<\/section>\n\t\t\t\t<\/div>","protected":false},"excerpt":{"rendered":"<p>Aviso Legal En virtud de lo estipulado por el art\u00edculo 10 de la Ley 34\/2002, de 11 de Julio, de [&hellip;]<\/p>\n","protected":false},"author":1,"featured_media":0,"parent":0,"menu_order":0,"comment_status":"closed","ping_status":"closed","template":"","meta":{"site-sidebar-layout":"no-sidebar","site-content-layout":"","ast-site-content-layout":"full-width-container","site-content-style":"default","site-sidebar-style":"default","ast-global-header-display":"","ast-banner-title-visibility":"","ast-main-header-display":"","ast-hfb-above-header-display":"","ast-hfb-below-header-display":"","ast-hfb-mobile-header-display":"","site-post-title":"disabled","ast-breadcrumbs-content":"","ast-featured-img":"disabled","footer-sml-layout":"","ast-disable-related-posts":"","theme-transparent-header-meta":"","adv-header-id-meta":"","stick-header-meta":"","header-above-stick-meta":"","header-main-stick-meta":"","header-below-stick-meta":"","astra-migrate-meta-layouts":"default","ast-page-background-enabled":"default","ast-page-background-meta":{"desktop":{"background-color":"var(--ast-global-color-4)","background-image":"","background-repeat":"repeat","background-position":"center center","background-size":"auto","background-attachment":"scroll","background-type":"","background-media":"","overlay-type":"","overlay-color":"","overlay-opacity":"","overlay-gradient":""},"tablet":{"background-color":"","background-image":"","background-repeat":"repeat","background-position":"center center","background-size":"auto","background-attachment":"scroll","background-type":"","background-media":"","overlay-type":"","overlay-color":"","overlay-opacity":"","overlay-gradient":""},"mobile":{"background-color":"","background-image":"","background-repeat":"repeat","background-position":"center center","background-size":"auto","background-attachment":"scroll","background-type":"","background-media":"","overlay-type":"","overlay-color":"","overlay-opacity":"","overlay-gradient":""}},"ast-content-background-meta":{"desktop":{"background-color":"var(--ast-global-color-5)","background-image":"","background-repeat":"repeat","background-position":"center center","background-size":"auto","background-attachment":"scroll","background-type":"","background-media":"","overlay-type":"","overlay-color":"","overlay-opacity":"","overlay-gradient":""},"tablet":{"background-color":"var(--ast-global-color-5)","background-image":"","background-repeat":"repeat","background-position":"center center","background-size":"auto","background-attachment":"scroll","background-type":"","background-media":"","overlay-type":"","overlay-color":"","overlay-opacity":"","overlay-gradient":""},"mobile":{"background-color":"var(--ast-global-color-5)","background-image":"","background-repeat":"repeat","background-position":"center center","background-size":"auto","background-attachment":"scroll","background-type":"","background-media":"","overlay-type":"","overlay-color":"","overlay-opacity":"","overlay-gradient":""}},"_joinchat":[],"footnotes":""},"class_list":["post-1483","page","type-page","status-publish","hentry"],"rttpg_featured_image_url":null,"rttpg_author":{"display_name":"info","author_link":"https:\/\/i4life.es\/en\/author\/info\/"},"rttpg_comment":0,"rttpg_category":null,"rttpg_excerpt":"Aviso Legal En virtud de lo estipulado por el art\u00edculo 10 de la Ley 34\/2002, de 11 de Julio, de [&hellip;]","_links":{"self":[{"href":"https:\/\/i4life.es\/en\/wp-json\/wp\/v2\/pages\/1483","targetHints":{"allow":["GET"]}}],"collection":[{"href":"https:\/\/i4life.es\/en\/wp-json\/wp\/v2\/pages"}],"about":[{"href":"https:\/\/i4life.es\/en\/wp-json\/wp\/v2\/types\/page"}],"author":[{"embeddable":true,"href":"https:\/\/i4life.es\/en\/wp-json\/wp\/v2\/users\/1"}],"replies":[{"embeddable":true,"href":"https:\/\/i4life.es\/en\/wp-json\/wp\/v2\/comments?post=1483"}],"version-history":[{"count":23,"href":"https:\/\/i4life.es\/en\/wp-json\/wp\/v2\/pages\/1483\/revisions"}],"predecessor-version":[{"id":30469,"href":"https:\/\/i4life.es\/en\/wp-json\/wp\/v2\/pages\/1483\/revisions\/30469"}],"wp:attachment":[{"href":"https:\/\/i4life.es\/en\/wp-json\/wp\/v2\/media?parent=1483"}],"curies":[{"name":"wp","href":"https:\/\/api.w.org\/{rel}","templated":true}]}}